{"id":129,"date":"2023-12-28T22:51:45","date_gmt":"2023-12-28T20:51:45","guid":{"rendered":"https:\/\/kodukantjarvamaa.planet.ee\/?page_id=129"},"modified":"2025-12-02T20:27:26","modified_gmt":"2025-12-02T18:27:26","slug":"tegevused-sundmused","status":"publish","type":"page","link":"https:\/\/kodukantjarvamaa.planet.ee\/?page_id=129","title":{"rendered":"Tegevused \/ s\u00fcndmused"},"content":{"rendered":"\n<p><\/p>\n\n\n\n<h2 class=\"wp-block-heading\"><strong>Eesti K\u00fclade XV Maap\u00e4ev 2024<\/strong><\/h2>\n\n\n\n<figure class=\"wp-block-image size-full is-resized\"><img loading=\"lazy\" decoding=\"async\" width=\"720\" height=\"291\" src=\"https:\/\/kodukantjarvamaa.planet.ee\/wp-content\/uploads\/2024\/04\/Maapaeva-banner.jpg\" alt=\"\" class=\"wp-image-180\" style=\"width:492px;height:auto\" srcset=\"https:\/\/kodukantjarvamaa.planet.ee\/wp-content\/uploads\/2024\/04\/Maapaeva-banner.jpg 720w, https:\/\/kodukantjarvamaa.planet.ee\/wp-content\/uploads\/2024\/04\/Maapaeva-banner-300x121.jpg 300w, https:\/\/kodukantjarvamaa.planet.ee\/wp-content\/uploads\/2024\/04\/Maapaeva-banner-150x61.jpg 150w\" sizes=\"auto, (max-width: 720px) 100vw, 720px\" \/><\/figure>\n\n\n\n<p><br>PROGRAMM<br><strong>Laup\u00e4ev, 17.august 2024<\/strong><br>10.00-10.30 maap\u00e4evaliste saabumine (V\u00f5ru Kandle Aed, Liiva 13, V\u00f5ru linn)<br>10.30-11.00 V\u00f5rumaa maitsed<br>11.00-12.00 Maap\u00e4eva avamine<br>12.00- 17.30 (18.00) m\u00f5ttetalgud \u201eVunki k\u00fclale\u201c seitsmes V\u00f5rumaa k\u00fclas. M\u00f5ttetalgute<br>tulemuste kokkuv\u00f5tted on aluseks j\u00e4rgmisel p\u00e4eval h\u00e4\u00e4letatava dokumendi \u201eXV Maap\u00e4eva s\u00f5numid Eesti juhtidele ja k\u00fclakogukondadele aastateks 2024-2026\u201c koostamiseks.<br>Haanimaa k\u00fcla \u2013 &#8220;Paigaidentiteedi ja p\u00f5liskultuuri hoidmine&#8221;.<br>Mehkamaa k\u00fcla \u2013 &#8220;Kogukond, riik ja omavalitsus, kui partnerid&#8221;.<br>Obinitsa k\u00fcla \u2013 Turismi m\u00f5ju kohalikule kultuurile ja kogukonnale&#8221;.<br>Urvaste k\u00fcla \u2013 &#8220;Kas sotsiaalne ettev\u00f5tlus on vaeva v\u00e4\u00e4rt?&#8221;.<br>Mikitam\u00e4e k\u00fcla &#8211; &#8221; Vallakeskusest k\u00fclakogukonnaks&#8221;.<br>Nursi k\u00fcla &#8211; \u201eKaasamine 2,0- noored\u201c<br>Navi k\u00fcla &#8211; \u201eSeeniorit\u00f6\u00f6 kogukonnas\u201c.<br>L\u00f5unas\u00f6\u00f6k k\u00fclades. V\u00f5imalik osta kohalikke tooteid ja meeneid, v\u00f5tta kaasa sularaha.<br>18.30 maap\u00e4evalised majutuvad V\u00e4rska kuurortravikeskuses<br>19.00-20.00 \u00f5htus\u00f6\u00f6k<br>20.30 l\u00f5ke ja kirmas seto\/v\u00f5ro tantsude-lauludega<br>21.00 simman Nedsaja K\u00fcla B\u00e4ndi saatel<br><strong>P\u00fchap\u00e4ev, 18.august 2024<\/strong><br>8:00 &#8211; 9:30 hommikus\u00f6\u00f6k<br>9.30-10.00 p\u00e4eva \u201ek\u00e4imal\u00fckkamine\u201c<br>10.00-11.30 Foorum &#8220;Eesti k\u00fclade Maap\u00e4ev 2,0&#8221;<br>11.30-12.30 Maap\u00e4eva s\u00f5numi h\u00e4\u00e4letus<br>12.30-13.00 tubade vabastamine<br>13.00-14.00 l\u00f5unas\u00f6\u00f6k<br>14.00-15.00 Maap\u00e4eva l\u00f5putseremoonia, pidulik rivistus, pildistamine<br>T\u00e4iendav info: kodukant@kodukant.ee, tel 5646 2692 (K\u00fclli Pann)<br>Maakonna delegatsiooni juht on Marta Kondas <br><\/p>\n\n\n\n<figure class=\"wp-block-image size-large\"><img loading=\"lazy\" decoding=\"async\" width=\"1024\" height=\"576\" src=\"https:\/\/kodukantjarvamaa.planet.ee\/wp-content\/uploads\/2024\/08\/Jarva-1024x576.jpg\" alt=\"\" class=\"wp-image-229\" srcset=\"https:\/\/kodukantjarvamaa.planet.ee\/wp-content\/uploads\/2024\/08\/Jarva-1024x576.jpg 1024w, https:\/\/kodukantjarvamaa.planet.ee\/wp-content\/uploads\/2024\/08\/Jarva-300x169.jpg 300w, https:\/\/kodukantjarvamaa.planet.ee\/wp-content\/uploads\/2024\/08\/Jarva-150x84.jpg 150w, https:\/\/kodukantjarvamaa.planet.ee\/wp-content\/uploads\/2024\/08\/Jarva-768x432.jpg 768w, https:\/\/kodukantjarvamaa.planet.ee\/wp-content\/uploads\/2024\/08\/Jarva-1536x864.jpg 1536w, https:\/\/kodukantjarvamaa.planet.ee\/wp-content\/uploads\/2024\/08\/Jarva.jpg 1616w\" sizes=\"auto, (max-width: 1024px) 100vw, 1024px\" \/><\/figure>\n\n\n\n<h2 class=\"wp-block-heading has-text-color has-link-color wp-elements-edade4ea3f6c546ffbab62a21df06704\" style=\"color:#737240\"><br>Ajalugu<\/h2>\n\n\n\n<p><a href=\"https:\/\/kodukantjarvamaa.planet.ee\/?p=252\"><strong>Eesti k\u00fclade XI MAAP\u00c4EV S\u00e4reveres 2015<\/strong><\/a><\/p>\n\n\n\n<p><a href=\"https:\/\/kodukantjarvamaa.planet.ee\/wp-content\/uploads\/2023\/12\/2018-2022-Arhiiv-Uudised.pdf\"><strong>Uudiste ja s\u00fcndmuste&nbsp; ARHIIV 2018-2022&nbsp;<\/strong><\/a><br><\/p>\n\n\n\n<p><\/p>\n","protected":false},"excerpt":{"rendered":"<p>Eesti K\u00fclade XV Maap\u00e4ev 2024 PROGRAMMLaup\u00e4ev, 17.august 202410.00-10.30 maap\u00e4evaliste saabumine (V\u00f5ru Kandle Aed, Liiva 13, V\u00f5ru linn)10.30-11.00 V\u00f5rumaa maitsed11.00-12.00 Maap\u00e4eva avamine12.00- 17.30 (18.00) m\u00f5ttetalgud \u201eVunki k\u00fclale\u201c seitsmes V\u00f5rumaa k\u00fclas. M\u00f5ttetalgutetulemuste kokkuv\u00f5tted on aluseks j\u00e4rgmisel p\u00e4eval h\u00e4\u00e4letatava dokumendi \u201eXV Maap\u00e4eva s\u00f5numid <a class=\"more-link\" href=\"https:\/\/kodukantjarvamaa.planet.ee\/?page_id=129\">Continue reading <span class=\"screen-reader-text\">  Tegevused \/ s\u00fcndmused<\/span><span class=\"meta-nav\">&rarr;<\/span><\/a><\/p>\n","protected":false},"author":2,"featured_media":233,"parent":0,"menu_order":4,"comment_status":"closed","ping_status":"closed","template":"","meta":{"footnotes":""},"class_list":["post-129","page","type-page","status-publish","has-post-thumbnail","hentry"],"_links":{"self":[{"href":"https:\/\/kodukantjarvamaa.planet.ee\/index.php?rest_route=\/wp\/v2\/pages\/129","targetHints":{"allow":["GET"]}}],"collection":[{"href":"https:\/\/kodukantjarvamaa.planet.ee\/index.php?rest_route=\/wp\/v2\/pages"}],"about":[{"href":"https:\/\/kodukantjarvamaa.planet.ee\/index.php?rest_route=\/wp\/v2\/types\/page"}],"author":[{"embeddable":true,"href":"https:\/\/kodukantjarvamaa.planet.ee\/index.php?rest_route=\/wp\/v2\/users\/2"}],"replies":[{"embeddable":true,"href":"https:\/\/kodukantjarvamaa.planet.ee\/index.php?rest_route=%2Fwp%2Fv2%2Fcomments&post=129"}],"version-history":[{"count":17,"href":"https:\/\/kodukantjarvamaa.planet.ee\/index.php?rest_route=\/wp\/v2\/pages\/129\/revisions"}],"predecessor-version":[{"id":339,"href":"https:\/\/kodukantjarvamaa.planet.ee\/index.php?rest_route=\/wp\/v2\/pages\/129\/revisions\/339"}],"wp:featuredmedia":[{"embeddable":true,"href":"https:\/\/kodukantjarvamaa.planet.ee\/index.php?rest_route=\/wp\/v2\/media\/233"}],"wp:attachment":[{"href":"https:\/\/kodukantjarvamaa.planet.ee\/index.php?rest_route=%2Fwp%2Fv2%2Fmedia&parent=129"}],"curies":[{"name":"wp","href":"https:\/\/api.w.org\/{rel}","templated":true}]}}