{"id":160,"date":"2024-01-05T09:58:16","date_gmt":"2024-01-05T07:58:16","guid":{"rendered":"https:\/\/kodukantjarvamaa.planet.ee\/?page_id=160"},"modified":"2025-12-02T19:52:01","modified_gmt":"2025-12-02T17:52:01","slug":"aasta-kulad-ja-sadeinimesed","status":"publish","type":"page","link":"https:\/\/kodukantjarvamaa.planet.ee\/?page_id=160","title":{"rendered":"Aasta k\u00fclad ja s\u00e4deinimesed"},"content":{"rendered":"\n<p class=\"has-text-color has-link-color wp-elements-1914da356b813a5ee43e398904f45077\" style=\"color:#869066\"><strong>Aasta S\u00e4deinimese ja Aasta k\u00fcla tunnustuse annab v\u00e4lja Kodukant J\u00e4rvamaa MT\u00dc<\/strong><\/p>\n\n\n\n<h2 class=\"wp-block-heading\">Aasta s\u00e4deinimene 2025 on Kristina Gudinas<\/h2>\n\n\n\n<p> <a href=\"https:\/\/kodukantjarvamaa.planet.ee\/?p=311\">&gt; Vaata l\u00e4hemalt<\/a><\/p>\n\n\n\n<figure class=\"wp-block-image size-large\"><img loading=\"lazy\" decoding=\"async\" width=\"1024\" height=\"892\" src=\"https:\/\/kodukantjarvamaa.planet.ee\/wp-content\/uploads\/Kristina-1024x892.jpg\" alt=\"\" class=\"wp-image-313\" srcset=\"https:\/\/kodukantjarvamaa.planet.ee\/wp-content\/uploads\/Kristina-1024x892.jpg 1024w, https:\/\/kodukantjarvamaa.planet.ee\/wp-content\/uploads\/Kristina-300x261.jpg 300w, https:\/\/kodukantjarvamaa.planet.ee\/wp-content\/uploads\/Kristina-150x131.jpg 150w, https:\/\/kodukantjarvamaa.planet.ee\/wp-content\/uploads\/Kristina-768x669.jpg 768w, https:\/\/kodukantjarvamaa.planet.ee\/wp-content\/uploads\/Kristina-1536x1337.jpg 1536w, https:\/\/kodukantjarvamaa.planet.ee\/wp-content\/uploads\/Kristina.jpg 2048w\" sizes=\"auto, (max-width: 1024px) 100vw, 1024px\" \/><\/figure>\n\n\n\n<h2 class=\"wp-block-heading\"><br>Aasta s\u00e4deinimene 2024 on <strong>Aune Suve-K\u00fctt&nbsp;<\/strong><\/h2>\n\n\n\n<p><\/p>\n\n\n\n<figure class=\"wp-block-image size-large\"><img loading=\"lazy\" decoding=\"async\" width=\"1024\" height=\"681\" src=\"https:\/\/kodukantjarvamaa.planet.ee\/wp-content\/uploads\/24-Aune-Suve-Kutt-1024x681.jpg\" alt=\"\" class=\"wp-image-327\" srcset=\"https:\/\/kodukantjarvamaa.planet.ee\/wp-content\/uploads\/24-Aune-Suve-Kutt-1024x681.jpg 1024w, https:\/\/kodukantjarvamaa.planet.ee\/wp-content\/uploads\/24-Aune-Suve-Kutt-300x199.jpg 300w, https:\/\/kodukantjarvamaa.planet.ee\/wp-content\/uploads\/24-Aune-Suve-Kutt-150x100.jpg 150w, https:\/\/kodukantjarvamaa.planet.ee\/wp-content\/uploads\/24-Aune-Suve-Kutt-768x511.jpg 768w, https:\/\/kodukantjarvamaa.planet.ee\/wp-content\/uploads\/24-Aune-Suve-Kutt.jpg 1250w\" sizes=\"auto, (max-width: 1024px) 100vw, 1024px\" \/><\/figure>\n\n\n\n<p>Ta on inspireerija, tiivustaja, algataja, tegutseja, kaasaja ja liitja. Ta on Albu piirkonna kultuurikollektiive \u00fchendava MT\u00dc Kultuuri- ja Haridusselts \u00dcksm\u00fcts eestvedaja ning hing. T\u00e4ites juhatuse liikme \u00fclesandeid kirjutab ja juhib paljusid projekte, mis toetavad kogukonna kultuuri- ja seltsielu. Lisaks on ta ise paljude erinevate kollektiivide liige. M\u00e4ngib Simmeldajate ansamblis kannelt, tantsib rahvatantsur\u00fchmas Kakerdaja, laulab Sink- Sale-Proo segakooris.&nbsp;&nbsp;&nbsp;Aune on kahel viimasel aastal olnud algatajaks ja eestvedajaks suure kogukonnap\u00e4eva korraldamisel.Ta oskab imeliselt siduda ja \u00fchendada lapsi, noori ja vanu.&nbsp;<br><strong>Nominendid:&nbsp;<\/strong>Merli Kaas, Klaarika Uusmaa<br>Foto: Sergei Zinovjev&nbsp;&nbsp;<\/p>\n\n\n\n<h2 class=\"wp-block-heading\"><strong>Aasta K\u00fcla&nbsp;2024 Purdi k\u00fcla<\/strong><\/h2>\n\n\n\n<figure class=\"wp-block-image size-large\"><img loading=\"lazy\" decoding=\"async\" width=\"1024\" height=\"681\" src=\"https:\/\/kodukantjarvamaa.planet.ee\/wp-content\/uploads\/24-Aasta-kula-Purdi-1024x681.jpg\" alt=\"\" class=\"wp-image-330\" srcset=\"https:\/\/kodukantjarvamaa.planet.ee\/wp-content\/uploads\/24-Aasta-kula-Purdi-1024x681.jpg 1024w, https:\/\/kodukantjarvamaa.planet.ee\/wp-content\/uploads\/24-Aasta-kula-Purdi-300x199.jpg 300w, https:\/\/kodukantjarvamaa.planet.ee\/wp-content\/uploads\/24-Aasta-kula-Purdi-150x100.jpg 150w, https:\/\/kodukantjarvamaa.planet.ee\/wp-content\/uploads\/24-Aasta-kula-Purdi-768x511.jpg 768w, https:\/\/kodukantjarvamaa.planet.ee\/wp-content\/uploads\/24-Aasta-kula-Purdi.jpg 1250w\" sizes=\"auto, (max-width: 1024px) 100vw, 1024px\" \/><\/figure>\n\n\n\n<p>\u00dcks imeline v\u00e4ike k\u00fcla, v\u00f5rratu allee, kauni m\u00f5isa ja tennisev\u00e4ljakuga. Aga loomulikult just see kokkuhoidev kogukond, kes k\u00fclasse end sisse seadnud, teeb sellest k\u00fclast suure t\u00e4hega k\u00fcla. Aktiivsed osalised on projektidega soetanud heakorra ja \u00fcrituste tarbeks mitmeid vajalikke esemeid. Kogukonnas toimub ka v\u00e4ga palju \u00fcritusi: matkad, talgup\u00e4evad, kontserdid, rahvapeod ning v\u00e4ljas\u00f5idud teistesse piirkondadesse.&nbsp;<br><strong>Nominent:&nbsp;<\/strong>Ambla alevik<br>Foto: Sergei Zinovjev&nbsp;&nbsp;<\/p>\n\n\n\n<h2 class=\"wp-block-heading\">Aasta s\u00e4deinimene 2023 on Arto Saar<\/h2>\n\n\n\n<figure class=\"wp-block-image size-large\"><img loading=\"lazy\" decoding=\"async\" width=\"1024\" height=\"697\" src=\"https:\/\/kodukantjarvamaa.planet.ee\/wp-content\/uploads\/2024\/04\/406101117_7631812436845943_655129571989760972_n-1024x697.jpg\" alt=\"\" class=\"wp-image-208\" srcset=\"https:\/\/kodukantjarvamaa.planet.ee\/wp-content\/uploads\/2024\/04\/406101117_7631812436845943_655129571989760972_n-1024x697.jpg 1024w, https:\/\/kodukantjarvamaa.planet.ee\/wp-content\/uploads\/2024\/04\/406101117_7631812436845943_655129571989760972_n-300x204.jpg 300w, https:\/\/kodukantjarvamaa.planet.ee\/wp-content\/uploads\/2024\/04\/406101117_7631812436845943_655129571989760972_n-150x102.jpg 150w, https:\/\/kodukantjarvamaa.planet.ee\/wp-content\/uploads\/2024\/04\/406101117_7631812436845943_655129571989760972_n-768x522.jpg 768w, https:\/\/kodukantjarvamaa.planet.ee\/wp-content\/uploads\/2024\/04\/406101117_7631812436845943_655129571989760972_n.jpg 1035w\" sizes=\"auto, (max-width: 1024px) 100vw, 1024px\" \/><\/figure>\n\n\n\n<p>Arto on aktiivne inimene, kes panustab J\u00e4rvamaa maaelu edendamisse ning kes peab oluliseks, et maal oleks p\u00f5nev. Teda iseloomustab see, et kui on idee, siis tuleb see \u00e4ra teha ja positiivne hoiak, et kes ei proovi, see ei skoori. Tegelikult j\u00e4tkub Artot igale poole: alates rahvatantsus osalemisest kuni discgolfi \u00fchingu vedamiseni. Sinna vahepeale mahuvad tegevused vabatahtliku p\u00e4\u00e4stja, \u00fcrituste korraldamise ja k\u00f5ige muuga. Arto on teisi toetav ja julgustanud nii m\u00f5ndki kogukonda, et nood oma tegevust aktiveeriksid ja oma \u00e4gedad ideed ellu viiksid. Ta vist on isegi rohkem l\u00f5ke, kui s\u00e4deinimene ja ilmselt t\u00e4ielik J\u00e4rvamaa patrioot.<\/p>\n\n\n\n<h2 class=\"wp-block-heading\">Aasta s\u00e4deinimene 2022 on  Ines Kurvits<\/h2>\n\n\n\n<figure class=\"wp-block-image size-large\"><img loading=\"lazy\" decoding=\"async\" width=\"1024\" height=\"685\" src=\"https:\/\/kodukantjarvamaa.planet.ee\/wp-content\/uploads\/2024\/04\/316420801_508313354677560_8137644693086824308_n-1-1024x685.jpg\" alt=\"\" class=\"wp-image-205\" srcset=\"https:\/\/kodukantjarvamaa.planet.ee\/wp-content\/uploads\/2024\/04\/316420801_508313354677560_8137644693086824308_n-1-1024x685.jpg 1024w, https:\/\/kodukantjarvamaa.planet.ee\/wp-content\/uploads\/2024\/04\/316420801_508313354677560_8137644693086824308_n-1-300x201.jpg 300w, https:\/\/kodukantjarvamaa.planet.ee\/wp-content\/uploads\/2024\/04\/316420801_508313354677560_8137644693086824308_n-1-150x100.jpg 150w, https:\/\/kodukantjarvamaa.planet.ee\/wp-content\/uploads\/2024\/04\/316420801_508313354677560_8137644693086824308_n-1-768x514.jpg 768w, https:\/\/kodukantjarvamaa.planet.ee\/wp-content\/uploads\/2024\/04\/316420801_508313354677560_8137644693086824308_n-1-1536x1028.jpg 1536w, https:\/\/kodukantjarvamaa.planet.ee\/wp-content\/uploads\/2024\/04\/316420801_508313354677560_8137644693086824308_n-1.jpg 2040w\" sizes=\"auto, (max-width: 1024px) 100vw, 1024px\" \/><\/figure>\n\n\n\n<p>Ines on Jalgsema k\u00fclas suur aktivist, orienteerumise korralda, metsaresto kaasasutaja, k\u00fclaelanike liitmine. Kogukonna kokku ajamine. Meeletu energia ja seda, tahe teha ja olla. V\u00e4ga suure s\u00fcdamega inimene kelle juured on jalgsemal ja kas tahab seda k\u00fcla elus hoida. Sellel aastal meeletu panuse andnud k\u00fclale. K\u00fcla korrastamisel kui ka \u00fcrituste tegemisel. Suure s\u00fcdamega inimene kelle s\u00fcdamest suur osa kuulub Jalgsemale. M\u00f5ned aasta tagasi tegi k\u00fcla kohta ka suure t\u00f6\u00f6, uuris ja k\u00fclastas k\u00f5ik majanpidamised. N\u00e4itus on siiani k\u00fclamajas olemas. On kaasanud lasteaeda Pitkast joonistama, meelitanud piirkonna juhti m\u00e4rkama ka meie k\u00fcla ja suunama t\u00f6id tegema.<\/p>\n\n\n\n<h2 class=\"wp-block-heading\">Aasta k\u00fcla 2022 on Albu k\u00fcla<\/h2>\n\n\n\n<figure class=\"wp-block-gallery has-nested-images columns-default is-cropped wp-block-gallery-1 is-layout-flex wp-block-gallery-is-layout-flex\">\n<figure class=\"wp-block-image size-large\"><img loading=\"lazy\" decoding=\"async\" width=\"1024\" height=\"1024\" data-id=\"185\" src=\"https:\/\/kodukantjarvamaa.planet.ee\/wp-content\/uploads\/2024\/04\/received_996941851347003-1024x1024.jpeg\" alt=\"\" class=\"wp-image-185\" srcset=\"https:\/\/kodukantjarvamaa.planet.ee\/wp-content\/uploads\/2024\/04\/received_996941851347003-1024x1024.jpeg 1024w, https:\/\/kodukantjarvamaa.planet.ee\/wp-content\/uploads\/2024\/04\/received_996941851347003-300x300.jpeg 300w, https:\/\/kodukantjarvamaa.planet.ee\/wp-content\/uploads\/2024\/04\/received_996941851347003-150x150.jpeg 150w, https:\/\/kodukantjarvamaa.planet.ee\/wp-content\/uploads\/2024\/04\/received_996941851347003-768x768.jpeg 768w, https:\/\/kodukantjarvamaa.planet.ee\/wp-content\/uploads\/2024\/04\/received_996941851347003-1536x1536.jpeg 1536w, https:\/\/kodukantjarvamaa.planet.ee\/wp-content\/uploads\/2024\/04\/received_996941851347003.jpeg 1544w\" sizes=\"auto, (max-width: 1024px) 100vw, 1024px\" \/><\/figure>\n\n\n\n<figure class=\"wp-block-image size-large\"><img loading=\"lazy\" decoding=\"async\" width=\"1024\" height=\"685\" data-id=\"198\" src=\"https:\/\/kodukantjarvamaa.planet.ee\/wp-content\/uploads\/2024\/04\/316544368_508312881344274_6472694431941299662_n-1024x685.jpg\" alt=\"\" class=\"wp-image-198\" srcset=\"https:\/\/kodukantjarvamaa.planet.ee\/wp-content\/uploads\/2024\/04\/316544368_508312881344274_6472694431941299662_n-1024x685.jpg 1024w, https:\/\/kodukantjarvamaa.planet.ee\/wp-content\/uploads\/2024\/04\/316544368_508312881344274_6472694431941299662_n-300x201.jpg 300w, https:\/\/kodukantjarvamaa.planet.ee\/wp-content\/uploads\/2024\/04\/316544368_508312881344274_6472694431941299662_n-150x100.jpg 150w, https:\/\/kodukantjarvamaa.planet.ee\/wp-content\/uploads\/2024\/04\/316544368_508312881344274_6472694431941299662_n-768x514.jpg 768w, https:\/\/kodukantjarvamaa.planet.ee\/wp-content\/uploads\/2024\/04\/316544368_508312881344274_6472694431941299662_n-1536x1028.jpg 1536w, https:\/\/kodukantjarvamaa.planet.ee\/wp-content\/uploads\/2024\/04\/316544368_508312881344274_6472694431941299662_n.jpg 2040w\" sizes=\"auto, (max-width: 1024px) 100vw, 1024px\" \/><\/figure>\n<\/figure>\n","protected":false},"excerpt":{"rendered":"<p>Aasta S\u00e4deinimese ja Aasta k\u00fcla tunnustuse annab v\u00e4lja Kodukant J\u00e4rvamaa MT\u00dc Aasta s\u00e4deinimene 2025 on Kristina Gudinas &gt; Vaata l\u00e4hemalt Aasta s\u00e4deinimene 2024 on Aune Suve-K\u00fctt&nbsp; Ta on inspireerija, tiivustaja, algataja, tegutseja, kaasaja ja liitja. Ta on Albu piirkonna kultuurikollektiive <a class=\"more-link\" href=\"https:\/\/kodukantjarvamaa.planet.ee\/?page_id=160\">Continue reading <span class=\"screen-reader-text\">  Aasta k\u00fclad ja s\u00e4deinimesed<\/span><span class=\"meta-nav\">&rarr;<\/span><\/a><\/p>\n","protected":false},"author":3,"featured_media":0,"parent":129,"menu_order":1,"comment_status":"closed","ping_status":"closed","template":"","meta":{"footnotes":""},"class_list":["post-160","page","type-page","status-publish","hentry"],"_links":{"self":[{"href":"https:\/\/kodukantjarvamaa.planet.ee\/index.php?rest_route=\/wp\/v2\/pages\/160","targetHints":{"allow":["GET"]}}],"collection":[{"href":"https:\/\/kodukantjarvamaa.planet.ee\/index.php?rest_route=\/wp\/v2\/pages"}],"about":[{"href":"https:\/\/kodukantjarvamaa.planet.ee\/index.php?rest_route=\/wp\/v2\/types\/page"}],"author":[{"embeddable":true,"href":"https:\/\/kodukantjarvamaa.planet.ee\/index.php?rest_route=\/wp\/v2\/users\/3"}],"replies":[{"embeddable":true,"href":"https:\/\/kodukantjarvamaa.planet.ee\/index.php?rest_route=%2Fwp%2Fv2%2Fcomments&post=160"}],"version-history":[{"count":15,"href":"https:\/\/kodukantjarvamaa.planet.ee\/index.php?rest_route=\/wp\/v2\/pages\/160\/revisions"}],"predecessor-version":[{"id":333,"href":"https:\/\/kodukantjarvamaa.planet.ee\/index.php?rest_route=\/wp\/v2\/pages\/160\/revisions\/333"}],"up":[{"embeddable":true,"href":"https:\/\/kodukantjarvamaa.planet.ee\/index.php?rest_route=\/wp\/v2\/pages\/129"}],"wp:attachment":[{"href":"https:\/\/kodukantjarvamaa.planet.ee\/index.php?rest_route=%2Fwp%2Fv2%2Fmedia&parent=160"}],"curies":[{"name":"wp","href":"https:\/\/api.w.org\/{rel}","templated":true}]}}