{"id":2,"date":"2023-12-28T09:56:10","date_gmt":"2023-12-28T07:56:10","guid":{"rendered":"https:\/\/kodukantjarvamaa.planet.ee\/?page_id=2"},"modified":"2024-01-07T12:45:13","modified_gmt":"2024-01-07T10:45:13","slug":"sample-page","status":"publish","type":"page","link":"https:\/\/kodukantjarvamaa.planet.ee\/","title":{"rendered":"Meist"},"content":{"rendered":"<div class=\"wpb-content-wrapper\"><p>[vc_row][vc_column][vc_column_text]K\u00fclaliikumine Eestis tekkis Rootsi k\u00fclaliikumise eeskujul ja toel. Esimesed maakonnaorganisatsioonid tekkisid 1995. aastal ja Eesti K\u00fclade ja V\u00e4ikelinnade Liikumine Kodukant asutati 09. oktoobril 1997. Otep\u00e4\u00e4l.<br \/>\n<strong>J\u00e4rvamaa K\u00fclade \u00dchenduse algatuse<\/strong> juures olid aktiivsed inimesed Merle Rips, Age-Li Liivak ja Ene Puulmann.<br \/>\n17.oktoobril 1996. toimunud organisatsiooni astujaliikmeid oli 10: Vladimir Lehter V\u00e4inj\u00e4rvelt, Age-Li Liivak Albust,Voldemar Nellis J\u00e4nedalt, Mare Prank Sargverest, Ene Puulmann Aasuv\u00e4lja k\u00fclast V\u00e4\u00e4tsalt, Rein Sander Karinult, Tiit Tikerber Lehtsest, Evi Treimann Sargverest, Raiko Toomel Viisust ja Malle Truu Pruuna k\u00fclast. Juhatuse esinaiseks valiti Ene Puulmann, kes t\u00f6\u00f6tas maavalitsuse spetsialistina.<br \/>\n\u00dchingu p\u00f5hikirjaline eesm\u00e4rk on t\u00e4htsustada k\u00fclaelu ning toetada kohaliku arengu protsesse J\u00e4rvamaa k\u00fclades \u2013 toetada koolituste ja n\u00f5ustamise kaudu oma kodukohast hoolivaid ja maaelu v\u00e4\u00e4rtustavaid inimesi, m\u00e4rgata ning tunnustada tegijaid.<\/p>\n<p><strong>Juhatuse esimehed:<\/strong><br \/>\n1996. -1998. Ene Puulmann<br \/>\n1998. -2000. Uudo Kalamann<br \/>\n2003. -2005. Helvi Kerem<br \/>\n2005. -2017. Riina Trumm<br \/>\n2017. -2020. Eve R\u00f5uk<br \/>\n2020. &#8211; \u2026.\u00a0 \u00a0 Marta Kondas[\/vc_column_text][\/vc_column][\/vc_row]<\/p>\n<\/div>","protected":false},"excerpt":{"rendered":"<p>[vc_row][vc_column][vc_column_text]K\u00fclaliikumine Eestis tekkis Rootsi k\u00fclaliikumise eeskujul ja toel. Esimesed maakonnaorganisatsioonid tekkisid 1995. aastal ja Eesti K\u00fclade ja V\u00e4ikelinnade Liikumine Kodukant asutati 09. oktoobril 1997. Otep\u00e4\u00e4l. J\u00e4rvamaa K\u00fclade \u00dchenduse algatuse juures olid aktiivsed inimesed Merle Rips, Age-Li Liivak ja Ene Puulmann. <a class=\"more-link\" href=\"https:\/\/kodukantjarvamaa.planet.ee\/\">Continue reading <span class=\"screen-reader-text\">  Meist<\/span><span class=\"meta-nav\">&rarr;<\/span><\/a><\/p>\n","protected":false},"author":1,"featured_media":0,"parent":0,"menu_order":0,"comment_status":"closed","ping_status":"open","template":"","meta":{"footnotes":""},"class_list":["post-2","page","type-page","status-publish","hentry"],"_links":{"self":[{"href":"https:\/\/kodukantjarvamaa.planet.ee\/index.php?rest_route=\/wp\/v2\/pages\/2","targetHints":{"allow":["GET"]}}],"collection":[{"href":"https:\/\/kodukantjarvamaa.planet.ee\/index.php?rest_route=\/wp\/v2\/pages"}],"about":[{"href":"https:\/\/kodukantjarvamaa.planet.ee\/index.php?rest_route=\/wp\/v2\/types\/page"}],"author":[{"embeddable":true,"href":"https:\/\/kodukantjarvamaa.planet.ee\/index.php?rest_route=\/wp\/v2\/users\/1"}],"replies":[{"embeddable":true,"href":"https:\/\/kodukantjarvamaa.planet.ee\/index.php?rest_route=%2Fwp%2Fv2%2Fcomments&post=2"}],"version-history":[{"count":9,"href":"https:\/\/kodukantjarvamaa.planet.ee\/index.php?rest_route=\/wp\/v2\/pages\/2\/revisions"}],"predecessor-version":[{"id":170,"href":"https:\/\/kodukantjarvamaa.planet.ee\/index.php?rest_route=\/wp\/v2\/pages\/2\/revisions\/170"}],"wp:attachment":[{"href":"https:\/\/kodukantjarvamaa.planet.ee\/index.php?rest_route=%2Fwp%2Fv2%2Fmedia&parent=2"}],"curies":[{"name":"wp","href":"https:\/\/api.w.org\/{rel}","templated":true}]}}