{"id":72,"date":"2023-12-28T17:55:04","date_gmt":"2023-12-28T15:55:04","guid":{"rendered":"https:\/\/kodukantjarvamaa.planet.ee\/?page_id=72"},"modified":"2024-06-16T23:04:55","modified_gmt":"2024-06-16T20:04:55","slug":"kulamajad","status":"publish","type":"page","link":"https:\/\/kodukantjarvamaa.planet.ee\/?page_id=72","title":{"rendered":"K\u00fclamajad"},"content":{"rendered":"<div class=\"wpb-content-wrapper\"><p>[vc_row][vc_column width=&#8221;2\/5&#8243;][vc_single_image image=&#8221;68&#8243; img_size=&#8221;200*200&#8243; onclick=&#8221;custom_link&#8221; img_link_target=&#8221;_blank&#8221; link=&#8221;https:\/\/sorandu.org\/?c=avaleht&amp;l=et&#8221;][\/vc_column][vc_column width=&#8221;3\/5&#8243;][vc_column_text]<strong>S\u00f5randu k\u00fclamaja<\/strong><br \/>\nAadress: Koolimaja, S\u00f5randu k\u00fcla, J\u00e4rva vald, 72508 J\u00e4rvamaa<br \/>\nS\u00f5randu k\u00fclamaja on endine koolimaja, mis on Euroopa abirahade toel korda tehtud. K\u00fclamaja on v\u00f5imalik rentida. Rendi siit: <a href=\"https:\/\/sorandu.org\/?c=teenused_ja_tooted&amp;l=et\" target=\"_blank\" rel=\"noopener\">MT\u00dc S\u00f5randu k\u00fclaselts<\/a><br \/>\nS\u00f5randu k\u00fcla asub J\u00e4rvamaal, 8 km kaugusel Tallinn &#8211; Tartu &#8211; Luhamaa maantee 100. km verstapostist.[\/vc_column_text][\/vc_column][\/vc_row]<\/p>\n<p>J\u00e4rva valla k\u00fclamajad <a href=\"https:\/\/jarvavald.ee\/kulamajad\">https:\/\/jarvavald.ee\/kulamajad<\/a><\/p>\n<\/div>","protected":false},"excerpt":{"rendered":"<p>[vc_row][vc_column width=&#8221;2\/5&#8243;][vc_single_image image=&#8221;68&#8243; img_size=&#8221;200*200&#8243; onclick=&#8221;custom_link&#8221; img_link_target=&#8221;_blank&#8221; link=&#8221;https:\/\/sorandu.org\/?c=avaleht&amp;l=et&#8221;][\/vc_column][vc_column width=&#8221;3\/5&#8243;][vc_column_text]S\u00f5randu k\u00fclamaja Aadress: Koolimaja, S\u00f5randu k\u00fcla, J\u00e4rva vald, 72508 J\u00e4rvamaa S\u00f5randu k\u00fclamaja on endine koolimaja, mis on Euroopa abirahade toel korda tehtud. K\u00fclamaja on v\u00f5imalik rentida. Rendi siit: MT\u00dc S\u00f5randu k\u00fclaselts S\u00f5randu k\u00fcla <a class=\"more-link\" href=\"https:\/\/kodukantjarvamaa.planet.ee\/?page_id=72\">Continue reading <span class=\"screen-reader-text\">  K\u00fclamajad<\/span><span class=\"meta-nav\">&rarr;<\/span><\/a><\/p>\n","protected":false},"author":2,"featured_media":0,"parent":69,"menu_order":1,"comment_status":"closed","ping_status":"closed","template":"","meta":{"footnotes":""},"class_list":["post-72","page","type-page","status-publish","hentry"],"_links":{"self":[{"href":"https:\/\/kodukantjarvamaa.planet.ee\/index.php?rest_route=\/wp\/v2\/pages\/72","targetHints":{"allow":["GET"]}}],"collection":[{"href":"https:\/\/kodukantjarvamaa.planet.ee\/index.php?rest_route=\/wp\/v2\/pages"}],"about":[{"href":"https:\/\/kodukantjarvamaa.planet.ee\/index.php?rest_route=\/wp\/v2\/types\/page"}],"author":[{"embeddable":true,"href":"https:\/\/kodukantjarvamaa.planet.ee\/index.php?rest_route=\/wp\/v2\/users\/2"}],"replies":[{"embeddable":true,"href":"https:\/\/kodukantjarvamaa.planet.ee\/index.php?rest_route=%2Fwp%2Fv2%2Fcomments&post=72"}],"version-history":[{"count":6,"href":"https:\/\/kodukantjarvamaa.planet.ee\/index.php?rest_route=\/wp\/v2\/pages\/72\/revisions"}],"predecessor-version":[{"id":225,"href":"https:\/\/kodukantjarvamaa.planet.ee\/index.php?rest_route=\/wp\/v2\/pages\/72\/revisions\/225"}],"up":[{"embeddable":true,"href":"https:\/\/kodukantjarvamaa.planet.ee\/index.php?rest_route=\/wp\/v2\/pages\/69"}],"wp:attachment":[{"href":"https:\/\/kodukantjarvamaa.planet.ee\/index.php?rest_route=%2Fwp%2Fv2%2Fmedia&parent=72"}],"curies":[{"name":"wp","href":"https:\/\/api.w.org\/{rel}","templated":true}]}}