{"id":77,"date":"2023-12-28T18:05:07","date_gmt":"2023-12-28T16:05:07","guid":{"rendered":"https:\/\/kodukantjarvamaa.planet.ee\/?page_id=77"},"modified":"2023-12-28T23:25:09","modified_gmt":"2023-12-28T21:25:09","slug":"juhatus","status":"publish","type":"page","link":"https:\/\/kodukantjarvamaa.planet.ee\/?page_id=77","title":{"rendered":"Juhatus"},"content":{"rendered":"<div class=\"wpb-content-wrapper\"><p>[vc_row][vc_column][vc_column_text]<strong>Kodukant J\u00e4rvamaa MT\u00dc juhatus alates 27.06.2023<\/strong><br \/>\n<strong>Juhatuse esimees<\/strong><br \/>\nMarta Kondas * Kangrum\u00e4e K\u00fclakultuuri Edendamise Selts\u00a0\u00a0 marta.kondas@gmail.com<br \/>\n<strong>Juhatuse liikmed<\/strong><br \/>\nKaie Altmets * S\u00f5randu K\u00fclaselts\u00a0\u00a0 kaie.altmets@gmail.com<br \/>\nRiina Trumm * Metsak\u00fcla K\u00fcla Selts\u00a0\u00a0 riina.trumm@gmail.com<br \/>\nEvi Ojasalu * MT\u00dc Prandi k\u00fcla ja allikad info@prandiallikad.ee<br \/>\nViive Kuresoo * viive.kuresoo@gmail.com[\/vc_column_text][\/vc_column][\/vc_row]<\/p>\n<\/div>","protected":false},"excerpt":{"rendered":"<p>[vc_row][vc_column][vc_column_text]Kodukant J\u00e4rvamaa MT\u00dc juhatus alates 27.06.2023 Juhatuse esimees Marta Kondas * Kangrum\u00e4e K\u00fclakultuuri Edendamise Selts\u00a0\u00a0 marta.kondas@gmail.com Juhatuse liikmed Kaie Altmets * S\u00f5randu K\u00fclaselts\u00a0\u00a0 kaie.altmets@gmail.com Riina Trumm * Metsak\u00fcla K\u00fcla Selts\u00a0\u00a0 riina.trumm@gmail.com Evi Ojasalu * MT\u00dc Prandi k\u00fcla ja allikad info@prandiallikad.ee <a class=\"more-link\" href=\"https:\/\/kodukantjarvamaa.planet.ee\/?page_id=77\">Continue reading <span class=\"screen-reader-text\">  Juhatus<\/span><span class=\"meta-nav\">&rarr;<\/span><\/a><\/p>\n","protected":false},"author":2,"featured_media":0,"parent":2,"menu_order":1,"comment_status":"closed","ping_status":"closed","template":"","meta":{"footnotes":""},"class_list":["post-77","page","type-page","status-publish","hentry"],"_links":{"self":[{"href":"https:\/\/kodukantjarvamaa.planet.ee\/index.php?rest_route=\/wp\/v2\/pages\/77","targetHints":{"allow":["GET"]}}],"collection":[{"href":"https:\/\/kodukantjarvamaa.planet.ee\/index.php?rest_route=\/wp\/v2\/pages"}],"about":[{"href":"https:\/\/kodukantjarvamaa.planet.ee\/index.php?rest_route=\/wp\/v2\/types\/page"}],"author":[{"embeddable":true,"href":"https:\/\/kodukantjarvamaa.planet.ee\/index.php?rest_route=\/wp\/v2\/users\/2"}],"replies":[{"embeddable":true,"href":"https:\/\/kodukantjarvamaa.planet.ee\/index.php?rest_route=%2Fwp%2Fv2%2Fcomments&post=77"}],"version-history":[{"count":4,"href":"https:\/\/kodukantjarvamaa.planet.ee\/index.php?rest_route=\/wp\/v2\/pages\/77\/revisions"}],"predecessor-version":[{"id":135,"href":"https:\/\/kodukantjarvamaa.planet.ee\/index.php?rest_route=\/wp\/v2\/pages\/77\/revisions\/135"}],"up":[{"embeddable":true,"href":"https:\/\/kodukantjarvamaa.planet.ee\/index.php?rest_route=\/wp\/v2\/pages\/2"}],"wp:attachment":[{"href":"https:\/\/kodukantjarvamaa.planet.ee\/index.php?rest_route=%2Fwp%2Fv2%2Fmedia&parent=77"}],"curies":[{"name":"wp","href":"https:\/\/api.w.org\/{rel}","templated":true}]}}