{"id":79,"date":"2023-12-28T18:06:06","date_gmt":"2023-12-28T16:06:06","guid":{"rendered":"https:\/\/kodukantjarvamaa.planet.ee\/?page_id=79"},"modified":"2026-04-28T11:59:27","modified_gmt":"2026-04-28T08:59:27","slug":"liikmed","status":"publish","type":"page","link":"https:\/\/kodukantjarvamaa.planet.ee\/?page_id=79","title":{"rendered":"Liikmed"},"content":{"rendered":"<div class=\"wpb-content-wrapper\"><p>[vc_row][vc_column][vc_column_text css=&#8221;&#8221;]<strong>Kodukant J\u00e4rvamaa MT\u00dc liikmed seisuga detsember 2023.<\/strong><br \/>\n<strong>Juriidilisi isikuid 10<\/strong><br \/>\n1. Kangrum\u00e4e K\u00fclakultuuri Edendamise Selts * marta.kondas@gmail.com<br \/>\n2. Karinu k\u00fclaselts KARAME * aime.kallandi@gmail.com<br \/>\n3. MT\u00dc Salutaguse Nelja K\u00fcla Selts * virvekluust@gmail.com<br \/>\n4. P\u00e4inurme K\u00fclaselts\u00a0 (Lea Traks) * matkaplus@hot.ee<br \/>\n5. MT\u00dc Prandi k\u00fcla ja allikad * info@prandiallikad.ee<br \/>\n6. S\u00f5randu K\u00fclaselts * kaie.altmets@gmail.com<br \/>\n7. Sargvere Maakultuuri Edendamise Selts\u00a0 (Klarika Uusmaa) * sargveremes@gmail.com<br \/>\n8. Viisu K\u00fclaselts\u00a0 (Silva Anspal) * silva@anspal.ee<br \/>\n9. MT\u00dc Kirna Kolmik * liia.randmaa@gmail.com<br \/>\n10. Metsak\u00fcla K\u00fcla Selts * riina.trumm@gmail.com<\/p>\n<p><strong>Eraisikud<\/strong><br \/>\nAda N\u00f5mmk\u00fcla,\u00a0 Imavere k\u00fcla, J\u00e4rva valla k\u00fclakomisjon<br \/>\nAnne Klettenberg,\u00a0 Villevere k\u00fcla<br \/>\nAnnely Meerbach,\u00a0 Ollepa K\u00fclaselts<br \/>\nEne Mikk Esna k\u00fcla, MT\u00dc Esna K\u00fcla Selts juhatuse liige<br \/>\nKairi Kapitonov, Viisu k\u00fcla<br \/>\nKoit Teder, MT\u00dc Talunike Liidu ja L\u00f5una-J\u00e4rvamaa Koost\u00f6\u00f6kogu liige<br \/>\nKrista Passim\u00e4gi, Pr\u00e4\u00e4ma k\u00fcla<br \/>\nLea Aas, M\u00fc\u00fcsleri k\u00fcla<br \/>\nLiivi Valder, K\u00e4ravete alevik<br \/>\nMairot Valder, K\u00e4ravete alevik, MT\u00dc K\u00e4ravete K\u00fcla Selts<br \/>\nMaiu M\u00e4e, Kaalepi k\u00fcla, MT\u00dc Albu valla k\u00fclade selts<br \/>\nMerike Luuk, M\u00e4gise k\u00fcla<br \/>\nMerike Touart, Eistvere k\u00fcla, Eistvere K\u00fcla Selts MT\u00dc<br \/>\nReet Veidenberg (L\u00e4nkur), T\u00fcri-Alliku<br \/>\nRiho Sepp, K\u00e4ravete alevik, MT\u00dc K\u00e4ravete K\u00fcla Selts,<br \/>\nTiia Mettus, V\u00e4\u00e4tsa piirkonna k\u00fclad, MT\u00dc L\u00f5\u00f5la selts<br \/>\nTiina Kask, Kaalepi k\u00fcla, MT\u00dc Albu valla k\u00fclade selts<br \/>\nUlvi Meikup, Nurmsi k\u00fcla<br \/>\nVaike Jeltsov ,Roosna k\u00fcla, Roosna k\u00fcla seltsing<br \/>\nViive Kuresoo, Esna k\u00fcla<br \/>\n\u00dclo Ormus, Kolu k\u00fcla[\/vc_column_text][\/vc_column][\/vc_row][vc_row][vc_column width=&#8221;1\/2&#8243;][vc_column_text]Kutsume Kodukant J\u00e4rvamaa liikmeks vaba\u00fchendusi v\u00f5i eraisikuid, kes hoolivad k\u00fclaelust!<br \/>\nSoovi korral palume t\u00e4ita <a href=\"https:\/\/kodukantjarvamaa.planet.ee\/wp-content\/uploads\/2023\/12\/KKJ-Liikme-avaldus.docx\"><strong>Liikmeavaldus<\/strong><\/a><br \/>\nja saatke digiallkirjastatult e-aadressile jarvamaakodukant@gmail.com[\/vc_column_text][\/vc_column][vc_column width=&#8221;1\/2&#8243;][vc_column_text]Kui olete mingil p\u00f5hjusel otsustanud lahkuda Kodukant J\u00e4rvamaa liikmete hulgast,<br \/>\npalume t\u00e4ita <a href=\"https:\/\/kodukantjarvamaa.planet.ee\/wp-content\/uploads\/2023\/12\/KKJ-Liikmesuse-lopetamise-avaldus.docx\"><strong>Liikmesuse l\u00f5petamise avaldus<\/strong><\/a><br \/>\nja saata digiallkirjastatult e-aadressile jarvamaakodukant@gmail.com[\/vc_column_text][\/vc_column][\/vc_row]<\/p>\n<\/div>","protected":false},"excerpt":{"rendered":"<p>[vc_row][vc_column][vc_column_text css=&#8221;&#8221;]Kodukant J\u00e4rvamaa MT\u00dc liikmed seisuga detsember 2023. Juriidilisi isikuid 10 1. Kangrum\u00e4e K\u00fclakultuuri Edendamise Selts * marta.kondas@gmail.com 2. Karinu k\u00fclaselts KARAME * aime.kallandi@gmail.com 3. MT\u00dc Salutaguse Nelja K\u00fcla Selts * virvekluust@gmail.com 4. P\u00e4inurme K\u00fclaselts\u00a0 (Lea Traks) * matkaplus@hot.ee 5. <a class=\"more-link\" href=\"https:\/\/kodukantjarvamaa.planet.ee\/?page_id=79\">Continue reading <span class=\"screen-reader-text\">  Liikmed<\/span><span class=\"meta-nav\">&rarr;<\/span><\/a><\/p>\n","protected":false},"author":2,"featured_media":0,"parent":2,"menu_order":2,"comment_status":"closed","ping_status":"closed","template":"","meta":{"footnotes":""},"class_list":["post-79","page","type-page","status-publish","hentry"],"_links":{"self":[{"href":"https:\/\/kodukantjarvamaa.planet.ee\/index.php?rest_route=\/wp\/v2\/pages\/79","targetHints":{"allow":["GET"]}}],"collection":[{"href":"https:\/\/kodukantjarvamaa.planet.ee\/index.php?rest_route=\/wp\/v2\/pages"}],"about":[{"href":"https:\/\/kodukantjarvamaa.planet.ee\/index.php?rest_route=\/wp\/v2\/types\/page"}],"author":[{"embeddable":true,"href":"https:\/\/kodukantjarvamaa.planet.ee\/index.php?rest_route=\/wp\/v2\/users\/2"}],"replies":[{"embeddable":true,"href":"https:\/\/kodukantjarvamaa.planet.ee\/index.php?rest_route=%2Fwp%2Fv2%2Fcomments&post=79"}],"version-history":[{"count":6,"href":"https:\/\/kodukantjarvamaa.planet.ee\/index.php?rest_route=\/wp\/v2\/pages\/79\/revisions"}],"predecessor-version":[{"id":343,"href":"https:\/\/kodukantjarvamaa.planet.ee\/index.php?rest_route=\/wp\/v2\/pages\/79\/revisions\/343"}],"up":[{"embeddable":true,"href":"https:\/\/kodukantjarvamaa.planet.ee\/index.php?rest_route=\/wp\/v2\/pages\/2"}],"wp:attachment":[{"href":"https:\/\/kodukantjarvamaa.planet.ee\/index.php?rest_route=%2Fwp%2Fv2%2Fmedia&parent=79"}],"curies":[{"name":"wp","href":"https:\/\/api.w.org\/{rel}","templated":true}]}}